{"id":10000,"date":"2020-04-25T09:10:34","date_gmt":"2020-04-25T09:10:34","guid":{"rendered":"https:\/\/vantage-dc.com\/features\/room-design\/"},"modified":"2025-06-30T09:20:09","modified_gmt":"2025-06-30T13:20:09","slug":"room-design","status":"publish","type":"page","link":"https:\/\/vantage-dc.com\/fr\/features\/room-design\/","title":{"rendered":"Conception des espaces"},"content":{"rendered":"\r\n<p>Lorsque nous concevons un chargeur autonome vide, nous l\u2019imaginons dans sa globalit\u00e9. \u00c9tant donn\u00e9 que cette superficie sera un jour la v\u00f4tre, rien n\u2019est arbitraire. On parle ici de math\u00e9matiques appliqu\u00e9es. Quels sont les sc\u00e9narios pour les racks ? O\u00f9 placer les disjoncteurs, les prises et les connexions r\u00e9seau ? C\u2019est \u00e0 vous de prendre ces d\u00e9cisions et nous nous adapterons \u00e0 vos choix car nous anticipons toutes les possibilit\u00e9s en amont. Et nous avons m\u00eame accord\u00e9 une attention toute particuli\u00e8re \u00e0 vos applications \u00e0 haute densit\u00e9 avec une conception de 300 watts par pied carr\u00e9 brut.<\/p>\r\n","protected":false},"excerpt":{"rendered":"<p>Lorsque nous concevons un chargeur autonome vide, nous l\u2019imaginons dans sa globalit\u00e9. \u00c9tant donn\u00e9 que cette superficie sera un jour la v\u00f4tre, rien n\u2019est arbitraire. On parle ici de math\u00e9matiques appliqu\u00e9es. Quels sont les sc\u00e9narios pour les racks ? O\u00f9 placer les disjoncteurs, les prises et les connexions r\u00e9seau ? C\u2019est \u00e0 vous de prendre [&hellip;]<\/p>\n","protected":false},"author":30,"featured_media":17563,"parent":9942,"menu_order":5,"comment_status":"closed","ping_status":"closed","template":"page-features-sub.php","meta":{"_acf_changed":false,"content-type":"","footnotes":""},"class_list":["post-10000","page","type-page","status-publish","has-post-thumbnail","hentry"],"acf":[],"_links":{"self":[{"href":"https:\/\/vantage-dc.com\/fr\/wp-json\/wp\/v2\/pages\/10000","targetHints":{"allow":["GET"]}}],"collection":[{"href":"https:\/\/vantage-dc.com\/fr\/wp-json\/wp\/v2\/pages"}],"about":[{"href":"https:\/\/vantage-dc.com\/fr\/wp-json\/wp\/v2\/types\/page"}],"author":[{"embeddable":true,"href":"https:\/\/vantage-dc.com\/fr\/wp-json\/wp\/v2\/users\/30"}],"replies":[{"embeddable":true,"href":"https:\/\/vantage-dc.com\/fr\/wp-json\/wp\/v2\/comments?post=10000"}],"version-history":[{"count":0,"href":"https:\/\/vantage-dc.com\/fr\/wp-json\/wp\/v2\/pages\/10000\/revisions"}],"up":[{"embeddable":true,"href":"https:\/\/vantage-dc.com\/fr\/wp-json\/wp\/v2\/pages\/9942"}],"wp:featuredmedia":[{"embeddable":true,"href":"https:\/\/vantage-dc.com\/fr\/wp-json\/wp\/v2\/media\/17563"}],"wp:attachment":[{"href":"https:\/\/vantage-dc.com\/fr\/wp-json\/wp\/v2\/media?parent=10000"}],"curies":[{"name":"wp","href":"https:\/\/api.w.org\/{rel}","templated":true}]}}