{"id":10003,"date":"2020-04-29T04:34:22","date_gmt":"2020-04-29T04:34:22","guid":{"rendered":"https:\/\/vantage-dc.com\/features\/amenities\/"},"modified":"2025-06-05T15:45:01","modified_gmt":"2025-06-05T19:45:01","slug":"amenities","status":"publish","type":"page","link":"https:\/\/vantage-dc.com\/fr\/features\/amenities\/","title":{"rendered":"\u00c9quipements"},"content":{"rendered":"<p data-renderer-start-pos=\"51\">Vantage Data Centers peuvent \u00eatre votre deuxi\u00e8me chez vous. Bien que nos priorit\u00e9s d&rsquo;ing\u00e9nierie soient ax\u00e9es sur la cr\u00e9ation de l&rsquo;utilisation la plus efficace de l&rsquo;espace pour le logement, l&rsquo;alimentation, le refroidissement et l&rsquo;entretien de l&rsquo;\u00e9l\u00e9ment vital de votre organisation, nous n&rsquo;oublions pas non plus les personnes qui seront sur place chaque jour.<\/p>\n","protected":false},"excerpt":{"rendered":"<p>Vantage Data Centers peuvent \u00eatre votre deuxi\u00e8me chez vous. Bien que nos priorit\u00e9s d&rsquo;ing\u00e9nierie soient ax\u00e9es sur la cr\u00e9ation de l&rsquo;utilisation la plus efficace de l&rsquo;espace pour le logement, l&rsquo;alimentation, le refroidissement et l&rsquo;entretien de l&rsquo;\u00e9l\u00e9ment vital de votre organisation, nous n&rsquo;oublions pas non plus les personnes qui seront sur place chaque jour.<\/p>\n","protected":false},"author":30,"featured_media":7189,"parent":9942,"menu_order":6,"comment_status":"closed","ping_status":"closed","template":"page-features-sub.php","meta":{"_acf_changed":false,"content-type":"","footnotes":""},"class_list":["post-10003","page","type-page","status-publish","has-post-thumbnail","hentry"],"acf":[],"_links":{"self":[{"href":"https:\/\/vantage-dc.com\/fr\/wp-json\/wp\/v2\/pages\/10003","targetHints":{"allow":["GET"]}}],"collection":[{"href":"https:\/\/vantage-dc.com\/fr\/wp-json\/wp\/v2\/pages"}],"about":[{"href":"https:\/\/vantage-dc.com\/fr\/wp-json\/wp\/v2\/types\/page"}],"author":[{"embeddable":true,"href":"https:\/\/vantage-dc.com\/fr\/wp-json\/wp\/v2\/users\/30"}],"replies":[{"embeddable":true,"href":"https:\/\/vantage-dc.com\/fr\/wp-json\/wp\/v2\/comments?post=10003"}],"version-history":[{"count":0,"href":"https:\/\/vantage-dc.com\/fr\/wp-json\/wp\/v2\/pages\/10003\/revisions"}],"up":[{"embeddable":true,"href":"https:\/\/vantage-dc.com\/fr\/wp-json\/wp\/v2\/pages\/9942"}],"wp:featuredmedia":[{"embeddable":true,"href":"https:\/\/vantage-dc.com\/fr\/wp-json\/wp\/v2\/media\/7189"}],"wp:attachment":[{"href":"https:\/\/vantage-dc.com\/fr\/wp-json\/wp\/v2\/media?parent=10003"}],"curies":[{"name":"wp","href":"https:\/\/api.w.org\/{rel}","templated":true}]}}