{"id":10042,"date":"2021-05-21T12:29:47","date_gmt":"2021-05-21T16:29:47","guid":{"rendered":"https:\/\/vantage-dc.com\/terms-of-use-2\/"},"modified":"2021-09-14T04:27:43","modified_gmt":"2021-09-14T08:27:43","slug":"terms-of-use","status":"publish","type":"page","link":"https:\/\/vantage-dc.com\/fr\/terms-of-use\/","title":{"rendered":"Conditions d&rsquo;Utilisation"},"content":{"rendered":"<p><em>Derni\u00e8re r\u00e9vision\u00a0: 24\u00a0avril\u00a02020<\/em><\/p>\n<p>VEUILLEZ LIRE ATTENTIVEMENT LES PR\u00c9SENTES CONDITIONS D\u2019UTILISATION (LES \u00ab\u00a0CONDITIONS\u00a0\u00bb) AVANT D\u2019UTILISER LE SITE\u00a0WEB WWW.VANTAGE-DC.COM OU TOUT AUTRE SITE\u00a0WEB G\u00c9R\u00c9 PAR VANTAGE OU SES SOCI\u00c9T\u00c9S AFFILI\u00c9ES (LE \u00ab\u00a0SITE\u00a0WEB\u00a0\u00bb). L\u2019UTILISATION DE CE SITE\u00a0WEB INDIQUE QUE VOUS ACCEPTEZ CES CONDITIONS. SI VOUS N\u2019ACCEPTEZ PAS CES CONDITIONS, N\u2019UTILISEZ PAS CE SITE\u00a0WEB.<\/p>\n<p><strong>Droit d\u2019auteur<\/strong><\/p>\n<p>L\u2019ensemble du contenu de ce site\u00a0Web est prot\u00e9g\u00e9 par les lois am\u00e9ricaines sur le droit d\u2019auteur. Vantage Data Centers Management Company, LLC (\u00ab\u00a0Vantage\u00a0\u00bb) est le propri\u00e9taire des droits d\u2019auteur. Vous ne pouvez pas modifier les contenus composant ce site\u00a0Web de quelque mani\u00e8re que ce soit ou reproduire ou afficher publiquement, pr\u00e9senter, distribuer ou autrement utiliser ces contenus \u00e0 quelque fin que ce soit sans le consentement pr\u00e9alable de Vantage.<\/p>\n<p><strong>Marques de commerce<\/strong><\/p>\n<p>Les noms, logos et slogans identifiant Vantage ou ses produits ou services sont des marques exclusives de Vantage ou de ses soci\u00e9t\u00e9s affili\u00e9es et ne peuvent \u00eatre copi\u00e9s, utilis\u00e9s ou affich\u00e9s sans le consentement \u00e9crit pr\u00e9alable de Vantage. Toutes les autres marques de commerce et marques de service appartiennent \u00e0 leurs propri\u00e9taires respectifs.<\/p>\n<p><strong>Soumissions<\/strong><\/p>\n<p>Sauf indication contraire dans la politique de confidentialit\u00e9 de Vantage publi\u00e9e sur ce site\u00a0Web, tout document, information ou autre communication que vous transmettez ou publiez sur ce site\u00a0Web (les \u00ab\u00a0soumissions\u00a0\u00bb) sera consid\u00e9r\u00e9 comme non confidentiel et non exclusif, et Vantage et ses entit\u00e9s d\u00e9sign\u00e9es seront libres de copier, divulguer, distribuer, incorporer et autrement utiliser les soumissions et toutes les donn\u00e9es, images, sons, textes et autres \u00e9l\u00e9ments qui y sont incorpor\u00e9s \u00e0 toutes fins commerciales ou non commerciales.<\/p>\n<p><strong>Fonctionnement du site\u00a0Web<\/strong><\/p>\n<p>Vantage d\u00e9ploiera des efforts commerciaux raisonnables pour maintenir ce site\u00a0Web accessible 24\u00a0heures sur 24, 7\u00a0jours sur 7, sous r\u00e9serve de temps d\u2019arr\u00eat programm\u00e9s \u00e0 des fins de maintenance, de maintenance impr\u00e9vue et de pannes de syst\u00e8mes. Cependant, rien ne garantit que l\u2019acc\u00e8s sera disponible \u00e0 tout moment et sans interruption. De plus, Vantage ne garantit pas que le fonctionnement de ce site\u00a0Web sera exempt d\u2019erreurs, que les d\u00e9fauts seront corrig\u00e9s ou que ce site\u00a0Web ou les serveurs qui le rendent disponible sont exempts de virus ou d\u2019autres composants nuisibles.<\/p>\n<p><strong>S\u00e9curit\u00e9 du site\u00a0Web<\/strong><\/p>\n<p>Il vous est interdit de commettre ou de tenter de commettre des actes qui portent atteinte \u00e0 la s\u00e9curit\u00e9 de ce site\u00a0Web, y compris, mais sans s\u2019y limiter, (a) acc\u00e9der \u00e0 des donn\u00e9es qui ne vous sont pas destin\u00e9es ou vous connecter \u00e0 un serveur ou \u00e0 un compte auquel vous n\u2019\u00eates pas autoris\u00e9 \u00e0 acc\u00e9der, (b) tenter de sonder, analyser ou tester la vuln\u00e9rabilit\u00e9 d\u2019un syst\u00e8me ou d\u2019un r\u00e9seau ou de violer les mesures de s\u00e9curit\u00e9 ou d\u2019authentification sans autorisation appropri\u00e9e ou (c) tenter de perturber les services fournis \u00e0 tout utilisateur, h\u00f4te ou r\u00e9seau. Les violations de la s\u00e9curit\u00e9 du syst\u00e8me ou du r\u00e9seau peuvent donner lieu \u00e0 des poursuites civiles ou p\u00e9nales. Vantage enqu\u00eatera sur les \u00e9v\u00e9nements susceptibles d\u2019impliquer de telles violations et pourra impliquer les autorit\u00e9s charg\u00e9es de l\u2019application des lois, ou collaborer avec ces derni\u00e8res, pour poursuivre les utilisateurs impliqu\u00e9s dans de telles violations.<\/p>\n<p><strong>Confidentialit\u00e9 des mots de passe<\/strong><\/p>\n<p>Dans la mesure o\u00f9 un mot de passe vous est fourni pour acc\u00e9der \u00e0 une partie de ce site\u00a0Web, vous acceptez de garder votre mot de passe confidentiel et d\u2019informer rapidement Vantage si ce mot de passe est perdu ou vol\u00e9 ou si vous avez connaissance d\u2019une utilisation non autoris\u00e9e de ce mot de passe. Vous reconnaissez que vous \u00eates enti\u00e8rement responsable de toutes les activit\u00e9s ex\u00e9cut\u00e9es avec votre mot de passe.<\/p>\n<p><strong>Liens vers d\u2019autres sites\u00a0Web<\/strong><\/p>\n<p>Les liens vers des sites\u00a0Web tiers pr\u00e9sents sur ce site\u00a0Web sont fournis uniquement \u00e0 des fins pratiques. Cliquer sur ces liens vous fera quitter ce site\u00a0Web. Vantage n\u2019a pas examin\u00e9 ces sites\u00a0Web tiers, ne contr\u00f4le pas et n\u2019est pas responsable de ces sites\u00a0Web ou de leur contenu. Vantage n\u2019assume aucune responsabilit\u00e9 concernant ces sites\u00a0Web tiers, la publicit\u00e9, les informations, les logiciels ou tout autre produit ou mat\u00e9riel qui s\u2019y trouve, ou tout r\u00e9sultat pouvant \u00eatre obtenu en les utilisant, et ne les promeut pas. Si vous d\u00e9cidez d\u2019acc\u00e9der \u00e0 l\u2019un des sites\u00a0Web tiers li\u00e9s \u00e0 ce site\u00a0Web, vous le faites \u00e0 vos propres risques et p\u00e9rils.<\/p>\n<p><strong>Contenu et d\u00e9ni de responsabilit\u00e9<\/strong><\/p>\n<p>Les informations factuelles contenues sur ce site\u00a0Web sont obtenues \u00e0 partir de sources consid\u00e9r\u00e9es comme fiables et exactes. Cependant, Vantage n\u2019offre aucune garantie, expresse ou implicite, quant \u00e0 la fiabilit\u00e9, la disponibilit\u00e9 ou l\u2019exhaustivit\u00e9 des informations et n\u2019est pas responsable des erreurs ou omissions qu\u2019elles contiennent, qu\u2019elles soient caus\u00e9es par la source des informations ou par Vantage. PAR CONS\u00c9QUENT, LES RESSOURCES ET LES SERVICES FOURNIS SUR CE SITE\u00a0WEB SONT FOURNIS \u00ab\u00a0TELS QUELS\u00a0\u00bb SANS GARANTIE D\u2019AUCUNE SORTE, EXPRESSE OU IMPLICITE, Y COMPRIS, MAIS SANS S\u2019Y LIMITER, LES GARANTIES DE QUALIT\u00c9 MARCHANDE, D\u2019ADAPTATION \u00c0 UN USAGE PR\u00c9CIS ET DE NON-VIOLATION DE LA PROPRI\u00c9T\u00c9 INTELLECTUELLE. Aucun conseil ou renseignement, verbal ou \u00e9crit, obtenu aupr\u00e8s de Vantage ou via ce site\u00a0Web ne constitue une garantie.<\/p>\n<p><strong>Limitation de responsabilit\u00e9<\/strong><\/p>\n<p>EN AUCUN CAS, VANTAGE, SES FOURNISSEURS OU AUTRES TIERS MENTIONN\u00c9S SUR CE SITE\u00a0WEB NE SERONT TENUS RESPONSABLES DE TOUT DOMMAGE SP\u00c9CIAL, DIRECT, INDIRECT, ACCESSOIRE, PUNITIF OU CONS\u00c9CUTIF, OU DE TOUTE PERTE D\u2019OPPORTUNIT\u00c9S COMMERCIALES OU PROSPECTIVES, DE B\u00c9N\u00c9FICES, D\u2019\u00c9CONOMIES, D\u2019INFORMATIONS, D\u2019UTILISATION OU DE TOUTE AUTRE PERTE COMMERCIALE OU \u00c9CONOMIQUE D\u00c9COULANT DE L\u2019UTILISATION, DE L\u2019INCAPACIT\u00c9 D\u2019UTILISER OU DES R\u00c9SULTATS DE L\u2019UTILISATION DE CE SITE\u00a0WEB, DE TOUT SITE\u00a0WEB LI\u00c9 \u00c0 CE SITE\u00a0WEB OU DES RESSOURCES, INFORMATIONS OU SERVICES CONTENUS SUR CES SITES\u00a0WEB (Y COMPRIS CE SITE\u00a0WEB), QUEL QUE SOIT L\u2019ARGUMENT JURIDIQUE EN VERTU DUQUEL UNE TELLE RESPONSABILIT\u00c9 EST INVOQU\u00c9E, Y COMPRIS, SANS S\u2019Y LIMITER, LES ARGUMENTS JURIDIQUES DE GARANTIE, DE CONTRAT, DE RESPONSABILIT\u00c9 D\u00c9LICTUELLE OU STRICT.<\/p>\n<p><strong>Loi applicable \/ R\u00e9solution de conflits<\/strong><\/p>\n<p>Toute r\u00e9clamation d\u00e9coulant de l\u2019utilisation de ce site\u00a0Web sera r\u00e9solue par un arbitrage ex\u00e9cutoire dans le comt\u00e9 de Santa\u00a0Clara, en Californie, conform\u00e9ment aux r\u00e8gles alors en vigueur de l\u2019American\u00a0Arbitration\u00a0Association. Ces conditions sont \u00e9tablies et seront r\u00e9gies et interpr\u00e9t\u00e9es conform\u00e9ment aux lois de l\u2019\u00c9tat de Californie, aux \u00c9tats-Unis d\u2019Am\u00e9rique (autres que les r\u00e8gles de conflit de lois).<\/p>\n<p><strong>Modifications<\/strong><\/p>\n<p>Vantage peut apporter des modifications aux pr\u00e9sentes conditions, aux documents de ce site\u00a0Web ou aux produits et services d\u00e9crits dans les pr\u00e9sentes, \u00e0 tout moment et sans pr\u00e9avis. En utilisant ce site\u00a0Web, vous \u00eates tenu de respecter de telles modifications et devez donc visiter cette page p\u00e9riodiquement pour passer en revue les conditions alors en vigueur que vous \u00eates tenu de respecter.<\/p>\n<p><strong>Nous contacter<\/strong><\/p>\n<p>Pour plus d\u2019informations sur les questions juridiques li\u00e9es \u00e0 ce site\u00a0Web, n\u2019h\u00e9sitez pas \u00e0 nous contacter \u00e0 l\u2019adresse <a href=\"mailto:info@vantage-dc.com\">info@vantage-dc.com<\/a>.<\/p>\n","protected":false},"excerpt":{"rendered":"<p>Derni\u00e8re r\u00e9vision\u00a0: 24\u00a0avril\u00a02020 VEUILLEZ LIRE ATTENTIVEMENT LES PR\u00c9SENTES CONDITIONS D\u2019UTILISATION (LES \u00ab\u00a0CONDITIONS\u00a0\u00bb) AVANT D\u2019UTILISER LE SITE\u00a0WEB WWW.VANTAGE-DC.COM OU TOUT AUTRE SITE\u00a0WEB G\u00c9R\u00c9 PAR VANTAGE OU SES SOCI\u00c9T\u00c9S AFFILI\u00c9ES (LE \u00ab\u00a0SITE\u00a0WEB\u00a0\u00bb). L\u2019UTILISATION DE CE SITE\u00a0WEB INDIQUE QUE VOUS ACCEPTEZ CES CONDITIONS. SI VOUS N\u2019ACCEPTEZ PAS CES CONDITIONS, N\u2019UTILISEZ PAS CE SITE\u00a0WEB. Droit d\u2019auteur L\u2019ensemble du contenu [&hellip;]<\/p>\n","protected":false},"author":30,"featured_media":0,"parent":0,"menu_order":0,"comment_status":"closed","ping_status":"closed","template":"","meta":{"_acf_changed":false,"content-type":"","footnotes":""},"class_list":["post-10042","page","type-page","status-publish","hentry"],"acf":[],"_links":{"self":[{"href":"https:\/\/vantage-dc.com\/fr\/wp-json\/wp\/v2\/pages\/10042","targetHints":{"allow":["GET"]}}],"collection":[{"href":"https:\/\/vantage-dc.com\/fr\/wp-json\/wp\/v2\/pages"}],"about":[{"href":"https:\/\/vantage-dc.com\/fr\/wp-json\/wp\/v2\/types\/page"}],"author":[{"embeddable":true,"href":"https:\/\/vantage-dc.com\/fr\/wp-json\/wp\/v2\/users\/30"}],"replies":[{"embeddable":true,"href":"https:\/\/vantage-dc.com\/fr\/wp-json\/wp\/v2\/comments?post=10042"}],"version-history":[{"count":0,"href":"https:\/\/vantage-dc.com\/fr\/wp-json\/wp\/v2\/pages\/10042\/revisions"}],"wp:attachment":[{"href":"https:\/\/vantage-dc.com\/fr\/wp-json\/wp\/v2\/media?parent=10042"}],"curies":[{"name":"wp","href":"https:\/\/api.w.org\/{rel}","templated":true}]}}