{"id":10044,"date":"2021-04-28T18:14:11","date_gmt":"2021-04-28T22:14:11","guid":{"rendered":"https:\/\/vantage-dc.com\/features\/safety\/"},"modified":"2024-07-10T17:17:11","modified_gmt":"2024-07-10T21:17:11","slug":"safety","status":"publish","type":"page","link":"https:\/\/vantage-dc.com\/fr\/features\/safety\/","title":{"rendered":"S\u00e9curit\u00e9 et Responsabilit\u00e9"},"content":{"rendered":"<p>C\u2019est un cercle vertueux : plus nous (employ\u00e9s, partenaires et clients) effectuons notre travail en toute s\u00e9curit\u00e9, plus nous sommes en mesure d\u2019\u00e9tablir et d\u2019appliquer efficacement des proc\u00e9dures qui r\u00e9duisent les risques d\u2019incidents li\u00e9s \u00e0 la s\u00e9curit\u00e9. Gr\u00e2ce \u00e0 l\u2019\u00e9valuation et \u00e0 l\u2019analyse, nous pouvons g\u00e9rer les risques et mettre en \u0153uvre une pr\u00e9vention efficace.<\/p>\n","protected":false},"excerpt":{"rendered":"<p>C\u2019est un cercle vertueux : plus nous (employ\u00e9s, partenaires et clients) effectuons notre travail en toute s\u00e9curit\u00e9, plus nous sommes en mesure d\u2019\u00e9tablir et d\u2019appliquer efficacement des proc\u00e9dures qui r\u00e9duisent les risques d\u2019incidents li\u00e9s \u00e0 la s\u00e9curit\u00e9. Gr\u00e2ce \u00e0 l\u2019\u00e9valuation et \u00e0 l\u2019analyse, nous pouvons g\u00e9rer les risques et mettre en \u0153uvre une pr\u00e9vention efficace.<\/p>\n","protected":false},"author":30,"featured_media":11312,"parent":9942,"menu_order":7,"comment_status":"closed","ping_status":"closed","template":"page-features-sub.php","meta":{"_acf_changed":false,"content-type":"","footnotes":""},"class_list":["post-10044","page","type-page","status-publish","has-post-thumbnail","hentry"],"acf":[],"_links":{"self":[{"href":"https:\/\/vantage-dc.com\/fr\/wp-json\/wp\/v2\/pages\/10044","targetHints":{"allow":["GET"]}}],"collection":[{"href":"https:\/\/vantage-dc.com\/fr\/wp-json\/wp\/v2\/pages"}],"about":[{"href":"https:\/\/vantage-dc.com\/fr\/wp-json\/wp\/v2\/types\/page"}],"author":[{"embeddable":true,"href":"https:\/\/vantage-dc.com\/fr\/wp-json\/wp\/v2\/users\/30"}],"replies":[{"embeddable":true,"href":"https:\/\/vantage-dc.com\/fr\/wp-json\/wp\/v2\/comments?post=10044"}],"version-history":[{"count":0,"href":"https:\/\/vantage-dc.com\/fr\/wp-json\/wp\/v2\/pages\/10044\/revisions"}],"up":[{"embeddable":true,"href":"https:\/\/vantage-dc.com\/fr\/wp-json\/wp\/v2\/pages\/9942"}],"wp:featuredmedia":[{"embeddable":true,"href":"https:\/\/vantage-dc.com\/fr\/wp-json\/wp\/v2\/media\/11312"}],"wp:attachment":[{"href":"https:\/\/vantage-dc.com\/fr\/wp-json\/wp\/v2\/media?parent=10044"}],"curies":[{"name":"wp","href":"https:\/\/api.w.org\/{rel}","templated":true}]}}