{"id":10051,"date":"2020-04-17T11:54:44","date_gmt":"2020-04-17T11:54:44","guid":{"rendered":"https:\/\/vantage-dc.com\/services\/"},"modified":"2023-02-14T10:55:42","modified_gmt":"2023-02-14T15:55:42","slug":"services","status":"publish","type":"page","link":"https:\/\/vantage-dc.com\/fr\/services\/","title":{"rendered":"Services"},"content":{"rendered":"\r\n<p>Que ce soit une solution cl\u00e9 en main ou une infrastructure enti\u00e8rement con\u00e7ue sur mesure, nous voulons \u00e9liminer tous les al\u00e9as pour que vous puissiez faire grandir vos besoins rapidement et de mani\u00e8re fiable. Quel que soit le produit que vous choisirez, vous b\u00e9n\u00e9ficierez du soutien constant et ind\u00e9fectible dont vous aurez besoin pour faire avancer votre entreprise.<\/p>\r\n","protected":false},"excerpt":{"rendered":"<p>Que ce soit une solution cl\u00e9 en main ou une infrastructure enti\u00e8rement con\u00e7ue sur mesure, nous voulons \u00e9liminer tous les al\u00e9as pour que vous puissiez faire grandir vos besoins rapidement et de mani\u00e8re fiable. Quel que soit le produit que vous choisirez, vous b\u00e9n\u00e9ficierez du soutien constant et ind\u00e9fectible dont vous aurez besoin pour faire [&hellip;]<\/p>\n","protected":false},"author":30,"featured_media":7044,"parent":0,"menu_order":1,"comment_status":"closed","ping_status":"closed","template":"page-products.php","meta":{"_acf_changed":false,"content-type":"","footnotes":""},"class_list":["post-10051","page","type-page","status-publish","has-post-thumbnail","hentry"],"acf":[],"_links":{"self":[{"href":"https:\/\/vantage-dc.com\/fr\/wp-json\/wp\/v2\/pages\/10051","targetHints":{"allow":["GET"]}}],"collection":[{"href":"https:\/\/vantage-dc.com\/fr\/wp-json\/wp\/v2\/pages"}],"about":[{"href":"https:\/\/vantage-dc.com\/fr\/wp-json\/wp\/v2\/types\/page"}],"author":[{"embeddable":true,"href":"https:\/\/vantage-dc.com\/fr\/wp-json\/wp\/v2\/users\/30"}],"replies":[{"embeddable":true,"href":"https:\/\/vantage-dc.com\/fr\/wp-json\/wp\/v2\/comments?post=10051"}],"version-history":[{"count":0,"href":"https:\/\/vantage-dc.com\/fr\/wp-json\/wp\/v2\/pages\/10051\/revisions"}],"wp:featuredmedia":[{"embeddable":true,"href":"https:\/\/vantage-dc.com\/fr\/wp-json\/wp\/v2\/media\/7044"}],"wp:attachment":[{"href":"https:\/\/vantage-dc.com\/fr\/wp-json\/wp\/v2\/media?parent=10051"}],"curies":[{"name":"wp","href":"https:\/\/api.w.org\/{rel}","templated":true}]}}