{"id":10088,"date":"2020-04-17T11:59:14","date_gmt":"2020-04-17T11:59:14","guid":{"rendered":"https:\/\/vantage-dc.com\/data-center-locations\/"},"modified":"2025-11-23T09:52:19","modified_gmt":"2025-11-23T14:52:19","slug":"data-center-locations","status":"publish","type":"page","link":"https:\/\/vantage-dc.com\/fr\/data-center-locations\/","title":{"rendered":"Sites"},"content":{"rendered":"\r\n<h2 class=\"wp-block-heading\">5 continents. 41 sites. <br \/>Une flexibilit\u00e9 absolue.<\/h2>\r\n\r\n\r\n\r\n<div class=\"wp-block-group v-ruler\">\r\n<div class=\"wp-block-group__inner-container is-layout-flow wp-block-group-is-layout-flow\">\r\n<p>Pr\u00e9sent \u00e0 toujours plus d\u2019endroits dans le monde avec toujours plus d\u2019espace IT, de puissance et d\u2019efficacit\u00e9, Vantage Data Centers est pr\u00eat \u00e0 vous accompagner au gr\u00e9 des rapides \u00e9volutions que conna\u00eet le monde d\u2019aujourd\u2019hui. Nous avons choisi des emplacements strat\u00e9giques pour nos campus partout dans le monde, pour la simple raison que vos applications de derni\u00e8re g\u00e9n\u00e9ration exigent des solutions Vantage de derni\u00e8re g\u00e9n\u00e9ration.<\/p>\r\n<\/div>\r\n<\/div>\r\n\r\n\r\n\r\n<p>&nbsp;<\/p>\r\n","protected":false},"excerpt":{"rendered":"<p>5 continents. 41 sites. Une flexibilit\u00e9 absolue. Pr\u00e9sent \u00e0 toujours plus d\u2019endroits dans le monde avec toujours plus d\u2019espace IT, de puissance et d\u2019efficacit\u00e9, Vantage Data Centers est pr\u00eat \u00e0 vous accompagner au gr\u00e9 des rapides \u00e9volutions que conna\u00eet le monde d\u2019aujourd\u2019hui. Nous avons choisi des emplacements strat\u00e9giques pour nos campus partout dans le monde, [&hellip;]<\/p>\n","protected":false},"author":30,"featured_media":7440,"parent":0,"menu_order":0,"comment_status":"closed","ping_status":"closed","template":"page-locations.php","meta":{"_acf_changed":false,"content-type":"","footnotes":""},"class_list":["post-10088","page","type-page","status-publish","has-post-thumbnail","hentry"],"acf":[],"_links":{"self":[{"href":"https:\/\/vantage-dc.com\/fr\/wp-json\/wp\/v2\/pages\/10088","targetHints":{"allow":["GET"]}}],"collection":[{"href":"https:\/\/vantage-dc.com\/fr\/wp-json\/wp\/v2\/pages"}],"about":[{"href":"https:\/\/vantage-dc.com\/fr\/wp-json\/wp\/v2\/types\/page"}],"author":[{"embeddable":true,"href":"https:\/\/vantage-dc.com\/fr\/wp-json\/wp\/v2\/users\/30"}],"replies":[{"embeddable":true,"href":"https:\/\/vantage-dc.com\/fr\/wp-json\/wp\/v2\/comments?post=10088"}],"version-history":[{"count":0,"href":"https:\/\/vantage-dc.com\/fr\/wp-json\/wp\/v2\/pages\/10088\/revisions"}],"wp:featuredmedia":[{"embeddable":true,"href":"https:\/\/vantage-dc.com\/fr\/wp-json\/wp\/v2\/media\/7440"}],"wp:attachment":[{"href":"https:\/\/vantage-dc.com\/fr\/wp-json\/wp\/v2\/media?parent=10088"}],"curies":[{"name":"wp","href":"https:\/\/api.w.org\/{rel}","templated":true}]}}