{"id":10090,"date":"2020-04-25T09:11:40","date_gmt":"2020-04-25T09:11:40","guid":{"rendered":"https:\/\/vantage-dc.com\/features\/sustainability\/"},"modified":"2024-07-10T19:02:53","modified_gmt":"2024-07-10T23:02:53","slug":"sustainability","status":"publish","type":"page","link":"https:\/\/vantage-dc.com\/fr\/features\/sustainability\/","title":{"rendered":"Durabilit\u00e9"},"content":{"rendered":"\r\n<p>Du fait que nos maisons et nos entreprises soient \u00e9quip\u00e9es d\u2019appareils intelligents et que le cloud cro\u00eet \u00e0 l\u2019\u00e9chelle de la nanoseconde, le secteur des datacenters consomme toujours plus d\u2019\u00e9nergie. Cette consommation a un effet r\u00e9el sur les \u00e9missions de carbone \u00e0 travers le monde et impacte consid\u00e9rablement nos pr\u00e9cieuses ressources naturelles. Vantage Data Centers con\u00e7oit et exploite nos campus de fa\u00e7on \u00e0 accorder la priorit\u00e9 \u00e0 la durabilit\u00e9 et \u00e0 la responsabilit\u00e9 environnementale, vous aidant ainsi \u00e0 r\u00e9pondre \u00e0 vos objectifs en mati\u00e8re de responsabilit\u00e9 sociale des entreprises. Nous estimons que cette \u00e9volution est le r\u00e9sultat logique d\u2019un partenariat \u00e0 l\u2019origine des progr\u00e8s technologiques tout en faisant preuve de responsabilit\u00e9 citoyenne.<\/p>\r\n","protected":false},"excerpt":{"rendered":"<p>Du fait que nos maisons et nos entreprises soient \u00e9quip\u00e9es d\u2019appareils intelligents et que le cloud cro\u00eet \u00e0 l\u2019\u00e9chelle de la nanoseconde, le secteur des datacenters consomme toujours plus d\u2019\u00e9nergie. Cette consommation a un effet r\u00e9el sur les \u00e9missions de carbone \u00e0 travers le monde et impacte consid\u00e9rablement nos pr\u00e9cieuses ressources naturelles. Vantage Data Centers [&hellip;]<\/p>\n","protected":false},"author":30,"featured_media":10091,"parent":9942,"menu_order":7,"comment_status":"closed","ping_status":"closed","template":"page-features-sub.php","meta":{"_acf_changed":false,"content-type":"","footnotes":""},"class_list":["post-10090","page","type-page","status-publish","has-post-thumbnail","hentry"],"acf":[],"_links":{"self":[{"href":"https:\/\/vantage-dc.com\/fr\/wp-json\/wp\/v2\/pages\/10090","targetHints":{"allow":["GET"]}}],"collection":[{"href":"https:\/\/vantage-dc.com\/fr\/wp-json\/wp\/v2\/pages"}],"about":[{"href":"https:\/\/vantage-dc.com\/fr\/wp-json\/wp\/v2\/types\/page"}],"author":[{"embeddable":true,"href":"https:\/\/vantage-dc.com\/fr\/wp-json\/wp\/v2\/users\/30"}],"replies":[{"embeddable":true,"href":"https:\/\/vantage-dc.com\/fr\/wp-json\/wp\/v2\/comments?post=10090"}],"version-history":[{"count":0,"href":"https:\/\/vantage-dc.com\/fr\/wp-json\/wp\/v2\/pages\/10090\/revisions"}],"up":[{"embeddable":true,"href":"https:\/\/vantage-dc.com\/fr\/wp-json\/wp\/v2\/pages\/9942"}],"wp:featuredmedia":[{"embeddable":true,"href":"https:\/\/vantage-dc.com\/fr\/wp-json\/wp\/v2\/media\/10091"}],"wp:attachment":[{"href":"https:\/\/vantage-dc.com\/fr\/wp-json\/wp\/v2\/media?parent=10090"}],"curies":[{"name":"wp","href":"https:\/\/api.w.org\/{rel}","templated":true}]}}