{"id":10101,"date":"2020-04-25T09:12:52","date_gmt":"2020-04-25T09:12:52","guid":{"rendered":"https:\/\/vantage-dc.com\/features\/operational-excellence\/"},"modified":"2025-06-05T15:38:25","modified_gmt":"2025-06-05T19:38:25","slug":"operational-excellence","status":"publish","type":"page","link":"https:\/\/vantage-dc.com\/fr\/features\/operational-excellence\/","title":{"rendered":"Excellence Op\u00e9rationnelle"},"content":{"rendered":"\r\n<p>Chez Vantage Data Centers, nos processus et technologies ne sont pas seulement inscrits dans le cadre du contrat de prestation de service ou Service Level Agreement, ils sont \u00e9galement mis en pratique de fa\u00e7on rigoureuse par le personnel de chez Vantage \u00e0 tous les niveaux de responsabilit\u00e9. Nous nous appuyons sur le cycle PDCA (Planifier-D\u00e9velopper-Contr\u00f4ler-Agir) ax\u00e9 sur les donn\u00e9es pour une am\u00e9lioration continue mais aussi contr\u00f4l\u00e9e de l\u2019infrastructure fiable et pr\u00e9visible que vous souhaitez.<\/p>\r\n","protected":false},"excerpt":{"rendered":"<p>Chez Vantage Data Centers, nos processus et technologies ne sont pas seulement inscrits dans le cadre du contrat de prestation de service ou Service Level Agreement, ils sont \u00e9galement mis en pratique de fa\u00e7on rigoureuse par le personnel de chez Vantage \u00e0 tous les niveaux de responsabilit\u00e9. Nous nous appuyons sur le cycle PDCA (Planifier-D\u00e9velopper-Contr\u00f4ler-Agir) [&hellip;]<\/p>\n","protected":false},"author":30,"featured_media":7087,"parent":9942,"menu_order":8,"comment_status":"closed","ping_status":"closed","template":"page-features-sub.php","meta":{"_acf_changed":false,"content-type":"","footnotes":""},"class_list":["post-10101","page","type-page","status-publish","has-post-thumbnail","hentry"],"acf":[],"_links":{"self":[{"href":"https:\/\/vantage-dc.com\/fr\/wp-json\/wp\/v2\/pages\/10101","targetHints":{"allow":["GET"]}}],"collection":[{"href":"https:\/\/vantage-dc.com\/fr\/wp-json\/wp\/v2\/pages"}],"about":[{"href":"https:\/\/vantage-dc.com\/fr\/wp-json\/wp\/v2\/types\/page"}],"author":[{"embeddable":true,"href":"https:\/\/vantage-dc.com\/fr\/wp-json\/wp\/v2\/users\/30"}],"replies":[{"embeddable":true,"href":"https:\/\/vantage-dc.com\/fr\/wp-json\/wp\/v2\/comments?post=10101"}],"version-history":[{"count":0,"href":"https:\/\/vantage-dc.com\/fr\/wp-json\/wp\/v2\/pages\/10101\/revisions"}],"up":[{"embeddable":true,"href":"https:\/\/vantage-dc.com\/fr\/wp-json\/wp\/v2\/pages\/9942"}],"wp:featuredmedia":[{"embeddable":true,"href":"https:\/\/vantage-dc.com\/fr\/wp-json\/wp\/v2\/media\/7087"}],"wp:attachment":[{"href":"https:\/\/vantage-dc.com\/fr\/wp-json\/wp\/v2\/media?parent=10101"}],"curies":[{"name":"wp","href":"https:\/\/api.w.org\/{rel}","templated":true}]}}