{"id":10141,"date":"2020-04-24T10:52:43","date_gmt":"2020-04-24T10:52:43","guid":{"rendered":"https:\/\/vantage-dc.com\/company\/leadership\/"},"modified":"2021-06-23T11:38:16","modified_gmt":"2021-06-23T15:38:16","slug":"leadership","status":"publish","type":"page","link":"https:\/\/vantage-dc.com\/fr\/company\/leadership\/","title":{"rendered":"Gouvernance"},"content":{"rendered":"\r\n<p>La m\u00eame clairvoyance, l\u2019attention aux d\u00e9tails et la m\u00eame vision claire des besoins des hyperscalers qui entrent dans la cr\u00e9ation de nos campus du data centers ont servi \u00e0 constituer l\u2019\u00e9quipe de direction de Vantage. Avec une vaste expertise en technologie, en finance, en strat\u00e9gie commerciale et en op\u00e9rations, nous sommes pr\u00eats \u00e0 \u00eatre un partenaire actif de votre r\u00e9ussite. Regardez de plus pr\u00e8s ci-dessous.<\/p>\r\n","protected":false},"excerpt":{"rendered":"<p>La m\u00eame clairvoyance, l\u2019attention aux d\u00e9tails et la m\u00eame vision claire des besoins des hyperscalers qui entrent dans la cr\u00e9ation de nos campus du data centers ont servi \u00e0 constituer l\u2019\u00e9quipe de direction de Vantage. Avec une vaste expertise en technologie, en finance, en strat\u00e9gie commerciale et en op\u00e9rations, nous sommes pr\u00eats \u00e0 \u00eatre un [&hellip;]<\/p>\n","protected":false},"author":30,"featured_media":16306,"parent":9991,"menu_order":0,"comment_status":"closed","ping_status":"closed","template":"leadership-refresh.php","meta":{"_acf_changed":false,"content-type":"","footnotes":""},"class_list":["post-10141","page","type-page","status-publish","has-post-thumbnail","hentry"],"acf":[],"_links":{"self":[{"href":"https:\/\/vantage-dc.com\/fr\/wp-json\/wp\/v2\/pages\/10141","targetHints":{"allow":["GET"]}}],"collection":[{"href":"https:\/\/vantage-dc.com\/fr\/wp-json\/wp\/v2\/pages"}],"about":[{"href":"https:\/\/vantage-dc.com\/fr\/wp-json\/wp\/v2\/types\/page"}],"author":[{"embeddable":true,"href":"https:\/\/vantage-dc.com\/fr\/wp-json\/wp\/v2\/users\/30"}],"replies":[{"embeddable":true,"href":"https:\/\/vantage-dc.com\/fr\/wp-json\/wp\/v2\/comments?post=10141"}],"version-history":[{"count":0,"href":"https:\/\/vantage-dc.com\/fr\/wp-json\/wp\/v2\/pages\/10141\/revisions"}],"up":[{"embeddable":true,"href":"https:\/\/vantage-dc.com\/fr\/wp-json\/wp\/v2\/pages\/9991"}],"wp:featuredmedia":[{"embeddable":true,"href":"https:\/\/vantage-dc.com\/fr\/wp-json\/wp\/v2\/media\/16306"}],"wp:attachment":[{"href":"https:\/\/vantage-dc.com\/fr\/wp-json\/wp\/v2\/media?parent=10141"}],"curies":[{"name":"wp","href":"https:\/\/api.w.org\/{rel}","templated":true}]}}