{"id":10608,"date":"2020-07-17T12:45:56","date_gmt":"2020-07-17T12:45:56","guid":{"rendered":"https:\/\/vantage-dc.com\/data-center-locations\/europe\/"},"modified":"2025-10-14T13:28:42","modified_gmt":"2025-10-14T17:28:42","slug":"europe","status":"publish","type":"page","link":"https:\/\/vantage-dc.com\/fr\/data-center-locations\/emea\/","title":{"rendered":"EMEA"},"content":{"rendered":"\r\n<div class=\"wp-block-group v-ruler\">\r\n<div class=\"wp-block-group__inner-container is-layout-flow wp-block-group-is-layout-flow\">\r\n<p>Les campus Vantage Data Centers sont situ\u00e9s au sein des p\u00f4les financiers et commerciaux les plus importants d&rsquo;Europe, du Moyen-Orient et d&rsquo;Afrique. Disposant d\u00e9sormais de sites \u00e0 la fois sur les march\u00e9s Tier I et Tier II, l&rsquo;excellence op\u00e9rationnelle in\u00e9gal\u00e9e de Vantage lui permettra de vous aider \u00e0 atteindre vos objectifs strat\u00e9giques. D\u00e9couvrez ci-dessous les avantages sp\u00e9cifiques de chaque campus.<\/p>\r\n<\/div>\r\n<\/div>\r\n","protected":false},"excerpt":{"rendered":"<p>Les campus Vantage Data Centers sont situ\u00e9s au sein des p\u00f4les financiers et commerciaux les plus importants d&rsquo;Europe, du Moyen-Orient et d&rsquo;Afrique. Disposant d\u00e9sormais de sites \u00e0 la fois sur les march\u00e9s Tier I et Tier II, l&rsquo;excellence op\u00e9rationnelle in\u00e9gal\u00e9e de Vantage lui permettra de vous aider \u00e0 atteindre vos objectifs strat\u00e9giques. D\u00e9couvrez ci-dessous les [&hellip;]<\/p>\n","protected":false},"author":30,"featured_media":7258,"parent":10088,"menu_order":0,"comment_status":"closed","ping_status":"closed","template":"page-location-sub.php","meta":{"_acf_changed":false,"content-type":"","footnotes":""},"class_list":["post-10608","page","type-page","status-publish","has-post-thumbnail","hentry"],"acf":[],"_links":{"self":[{"href":"https:\/\/vantage-dc.com\/fr\/wp-json\/wp\/v2\/pages\/10608","targetHints":{"allow":["GET"]}}],"collection":[{"href":"https:\/\/vantage-dc.com\/fr\/wp-json\/wp\/v2\/pages"}],"about":[{"href":"https:\/\/vantage-dc.com\/fr\/wp-json\/wp\/v2\/types\/page"}],"author":[{"embeddable":true,"href":"https:\/\/vantage-dc.com\/fr\/wp-json\/wp\/v2\/users\/30"}],"replies":[{"embeddable":true,"href":"https:\/\/vantage-dc.com\/fr\/wp-json\/wp\/v2\/comments?post=10608"}],"version-history":[{"count":0,"href":"https:\/\/vantage-dc.com\/fr\/wp-json\/wp\/v2\/pages\/10608\/revisions"}],"up":[{"embeddable":true,"href":"https:\/\/vantage-dc.com\/fr\/wp-json\/wp\/v2\/pages\/10088"}],"wp:featuredmedia":[{"embeddable":true,"href":"https:\/\/vantage-dc.com\/fr\/wp-json\/wp\/v2\/media\/7258"}],"wp:attachment":[{"href":"https:\/\/vantage-dc.com\/fr\/wp-json\/wp\/v2\/media?parent=10608"}],"curies":[{"name":"wp","href":"https:\/\/api.w.org\/{rel}","templated":true}]}}