{"id":10614,"date":"2020-04-17T12:15:29","date_gmt":"2020-04-17T12:15:29","guid":{"rendered":"https:\/\/vantage-dc.com\/data-center-locations\/north-america\/"},"modified":"2025-11-05T16:09:23","modified_gmt":"2025-11-05T21:09:23","slug":"north-america","status":"publish","type":"page","link":"https:\/\/vantage-dc.com\/fr\/data-center-locations\/north-america\/","title":{"rendered":"Am\u00e9rique du Nord"},"content":{"rendered":"\r\n<div class=\"wp-block-group v-ruler\">\r\n<div class=\"wp-block-group__inner-container is-layout-flow wp-block-group-is-layout-flow\">\r\n<p>Votre emplacement est critique. Et les composants \u00e0 l&rsquo;int\u00e9rieur aussi. Chez Vantage, nous construisons des datacenters hyperscale \u00e0 travers l&rsquo;Am\u00e9rique du Nord qui sont hautement configurables et dans des emplacements qui vous aident \u00e0 atteindre vos objectifs strat\u00e9giques.<\/p>\r\n<\/div>\r\n<\/div>\r\n","protected":false},"excerpt":{"rendered":"<p>Votre emplacement est critique. Et les composants \u00e0 l&rsquo;int\u00e9rieur aussi. Chez Vantage, nous construisons des datacenters hyperscale \u00e0 travers l&rsquo;Am\u00e9rique du Nord qui sont hautement configurables et dans des emplacements qui vous aident \u00e0 atteindre vos objectifs strat\u00e9giques.<\/p>\n","protected":false},"author":30,"featured_media":7258,"parent":10088,"menu_order":0,"comment_status":"closed","ping_status":"closed","template":"page-location-sub.php","meta":{"_acf_changed":false,"content-type":"","footnotes":""},"class_list":["post-10614","page","type-page","status-publish","has-post-thumbnail","hentry"],"acf":[],"_links":{"self":[{"href":"https:\/\/vantage-dc.com\/fr\/wp-json\/wp\/v2\/pages\/10614","targetHints":{"allow":["GET"]}}],"collection":[{"href":"https:\/\/vantage-dc.com\/fr\/wp-json\/wp\/v2\/pages"}],"about":[{"href":"https:\/\/vantage-dc.com\/fr\/wp-json\/wp\/v2\/types\/page"}],"author":[{"embeddable":true,"href":"https:\/\/vantage-dc.com\/fr\/wp-json\/wp\/v2\/users\/30"}],"replies":[{"embeddable":true,"href":"https:\/\/vantage-dc.com\/fr\/wp-json\/wp\/v2\/comments?post=10614"}],"version-history":[{"count":0,"href":"https:\/\/vantage-dc.com\/fr\/wp-json\/wp\/v2\/pages\/10614\/revisions"}],"up":[{"embeddable":true,"href":"https:\/\/vantage-dc.com\/fr\/wp-json\/wp\/v2\/pages\/10088"}],"wp:featuredmedia":[{"embeddable":true,"href":"https:\/\/vantage-dc.com\/fr\/wp-json\/wp\/v2\/media\/7258"}],"wp:attachment":[{"href":"https:\/\/vantage-dc.com\/fr\/wp-json\/wp\/v2\/media?parent=10614"}],"curies":[{"name":"wp","href":"https:\/\/api.w.org\/{rel}","templated":true}]}}