{"id":11610,"date":"2021-09-08T04:25:38","date_gmt":"2021-09-08T08:25:38","guid":{"rendered":"https:\/\/vantage-dc.com\/data-center-locations\/apac\/"},"modified":"2025-12-02T15:00:56","modified_gmt":"2025-12-02T20:00:56","slug":"apac","status":"publish","type":"page","link":"https:\/\/vantage-dc.com\/fr\/data-center-locations\/apac\/","title":{"rendered":"APAC"},"content":{"rendered":"\r\n<div class=\"wp-block-group v-ruler\">\r\n<div class=\"wp-block-group__inner-container is-layout-flow wp-block-group-is-layout-flow\">\r\n<p>Pour vous aider \u00e0 atteindre vos objectifs strat\u00e9giques, Vantage Data Centers dispose des datacenters de tr\u00e8s grandes tailles dans le monde entier. D\u00e9couvrez ci-dessous tous les sites d&rsquo;Asie-Pacifique o\u00f9 nous vous offrons une excellence op\u00e9rationnelle et une exp\u00e9rience client in\u00e9gal\u00e9es.<\/p>\r\n<\/div>\r\n<\/div>\r\n\r\n<p>&nbsp;<\/p>","protected":false},"excerpt":{"rendered":"<p>Pour vous aider \u00e0 atteindre vos objectifs strat\u00e9giques, Vantage Data Centers dispose des datacenters de tr\u00e8s grandes tailles dans le monde entier. D\u00e9couvrez ci-dessous tous les sites d&rsquo;Asie-Pacifique o\u00f9 nous vous offrons une excellence op\u00e9rationnelle et une exp\u00e9rience client in\u00e9gal\u00e9es. &nbsp;<\/p>\n","protected":false},"author":30,"featured_media":7258,"parent":10088,"menu_order":0,"comment_status":"closed","ping_status":"closed","template":"page-location-sub.php","meta":{"_acf_changed":false,"content-type":"","footnotes":""},"class_list":["post-11610","page","type-page","status-publish","has-post-thumbnail","hentry"],"acf":[],"_links":{"self":[{"href":"https:\/\/vantage-dc.com\/fr\/wp-json\/wp\/v2\/pages\/11610","targetHints":{"allow":["GET"]}}],"collection":[{"href":"https:\/\/vantage-dc.com\/fr\/wp-json\/wp\/v2\/pages"}],"about":[{"href":"https:\/\/vantage-dc.com\/fr\/wp-json\/wp\/v2\/types\/page"}],"author":[{"embeddable":true,"href":"https:\/\/vantage-dc.com\/fr\/wp-json\/wp\/v2\/users\/30"}],"replies":[{"embeddable":true,"href":"https:\/\/vantage-dc.com\/fr\/wp-json\/wp\/v2\/comments?post=11610"}],"version-history":[{"count":0,"href":"https:\/\/vantage-dc.com\/fr\/wp-json\/wp\/v2\/pages\/11610\/revisions"}],"up":[{"embeddable":true,"href":"https:\/\/vantage-dc.com\/fr\/wp-json\/wp\/v2\/pages\/10088"}],"wp:featuredmedia":[{"embeddable":true,"href":"https:\/\/vantage-dc.com\/fr\/wp-json\/wp\/v2\/media\/7258"}],"wp:attachment":[{"href":"https:\/\/vantage-dc.com\/fr\/wp-json\/wp\/v2\/media?parent=11610"}],"curies":[{"name":"wp","href":"https:\/\/api.w.org\/{rel}","templated":true}]}}