{"id":12595,"date":"2022-01-17T04:46:44","date_gmt":"2022-01-17T09:46:44","guid":{"rendered":"https:\/\/vantage-dc.com\/?page_id=12595"},"modified":"2025-11-23T10:08:48","modified_gmt":"2025-11-23T15:08:48","slug":"contact-us-2","status":"publish","type":"page","link":"https:\/\/vantage-dc.com\/fr\/company\/contact-us\/","title":{"rendered":"Nous Contacter"},"content":{"rendered":"\r\n<h2 class=\"wp-block-heading\">Nous Contacter<\/h2>\r\n\r\n\r\n\r\n<div class=\"wp-block-group v-ruler\">\r\n<div class=\"wp-block-group__inner-container is-layout-flow wp-block-group-is-layout-flow\">\r\n<p>Vous avez des questions ? Nous sommes l\u00e0 pour y r\u00e9pondre. Contactez-nous d\u00e8s aujourd&rsquo;hui, nous sommes qu\u2019\u00e0 un appel ou un email de vous.<\/p>\r\n<\/div>\r\n<\/div>\r\n","protected":false},"excerpt":{"rendered":"<p>Nous Contacter Vous avez des questions ? Nous sommes l\u00e0 pour y r\u00e9pondre. Contactez-nous d\u00e8s aujourd&rsquo;hui, nous sommes qu\u2019\u00e0 un appel ou un email de vous.<\/p>\n","protected":false},"author":30,"featured_media":12644,"parent":9991,"menu_order":0,"comment_status":"closed","ping_status":"closed","template":"contact-new.php","meta":{"_acf_changed":false,"content-type":"","footnotes":""},"class_list":["post-12595","page","type-page","status-publish","has-post-thumbnail","hentry"],"acf":[],"_links":{"self":[{"href":"https:\/\/vantage-dc.com\/fr\/wp-json\/wp\/v2\/pages\/12595","targetHints":{"allow":["GET"]}}],"collection":[{"href":"https:\/\/vantage-dc.com\/fr\/wp-json\/wp\/v2\/pages"}],"about":[{"href":"https:\/\/vantage-dc.com\/fr\/wp-json\/wp\/v2\/types\/page"}],"author":[{"embeddable":true,"href":"https:\/\/vantage-dc.com\/fr\/wp-json\/wp\/v2\/users\/30"}],"replies":[{"embeddable":true,"href":"https:\/\/vantage-dc.com\/fr\/wp-json\/wp\/v2\/comments?post=12595"}],"version-history":[{"count":0,"href":"https:\/\/vantage-dc.com\/fr\/wp-json\/wp\/v2\/pages\/12595\/revisions"}],"up":[{"embeddable":true,"href":"https:\/\/vantage-dc.com\/fr\/wp-json\/wp\/v2\/pages\/9991"}],"wp:featuredmedia":[{"embeddable":true,"href":"https:\/\/vantage-dc.com\/fr\/wp-json\/wp\/v2\/media\/12644"}],"wp:attachment":[{"href":"https:\/\/vantage-dc.com\/fr\/wp-json\/wp\/v2\/media?parent=12595"}],"curies":[{"name":"wp","href":"https:\/\/api.w.org\/{rel}","templated":true}]}}