{"id":12736,"date":"2022-03-15T02:52:55","date_gmt":"2022-03-15T06:52:55","guid":{"rendered":"https:\/\/vantage-dc.com\/?page_id=12736"},"modified":"2024-03-25T15:57:13","modified_gmt":"2024-03-25T19:57:13","slug":"portails-clients","status":"publish","type":"page","link":"https:\/\/vantage-dc.com\/fr\/portails-clients\/","title":{"rendered":"Portails clients"},"content":{"rendered":"<p>Vantage Data Centers vous propose d\u2019acc\u00e9der facilement \u00e0 vos donn\u00e9es d\u00e8s que vous en avez besoin, l\u00e0 vous en avez besoin. Choisissez ci-dessous le portail auquel vous souhaitez vous connecter.<\/p>\n","protected":false},"excerpt":{"rendered":"<p>Vantage Data Centers vous propose d\u2019acc\u00e9der facilement \u00e0 vos donn\u00e9es d\u00e8s que vous en avez besoin, l\u00e0 vous en avez besoin. Choisissez ci-dessous le portail auquel vous souhaitez vous connecter.<\/p>\n","protected":false},"author":30,"featured_media":12740,"parent":0,"menu_order":0,"comment_status":"closed","ping_status":"closed","template":"page-customer-portal.php","meta":{"_acf_changed":false,"content-type":"","footnotes":""},"class_list":["post-12736","page","type-page","status-publish","has-post-thumbnail","hentry"],"acf":[],"_links":{"self":[{"href":"https:\/\/vantage-dc.com\/fr\/wp-json\/wp\/v2\/pages\/12736","targetHints":{"allow":["GET"]}}],"collection":[{"href":"https:\/\/vantage-dc.com\/fr\/wp-json\/wp\/v2\/pages"}],"about":[{"href":"https:\/\/vantage-dc.com\/fr\/wp-json\/wp\/v2\/types\/page"}],"author":[{"embeddable":true,"href":"https:\/\/vantage-dc.com\/fr\/wp-json\/wp\/v2\/users\/30"}],"replies":[{"embeddable":true,"href":"https:\/\/vantage-dc.com\/fr\/wp-json\/wp\/v2\/comments?post=12736"}],"version-history":[{"count":0,"href":"https:\/\/vantage-dc.com\/fr\/wp-json\/wp\/v2\/pages\/12736\/revisions"}],"wp:featuredmedia":[{"embeddable":true,"href":"https:\/\/vantage-dc.com\/fr\/wp-json\/wp\/v2\/media\/12740"}],"wp:attachment":[{"href":"https:\/\/vantage-dc.com\/fr\/wp-json\/wp\/v2\/media?parent=12736"}],"curies":[{"name":"wp","href":"https:\/\/api.w.org\/{rel}","templated":true}]}}