{"id":22302,"date":"2023-09-06T10:15:51","date_gmt":"2023-09-06T14:15:51","guid":{"rendered":"https:\/\/vantage-dc.com\/?page_id=22302"},"modified":"2025-05-09T11:21:55","modified_gmt":"2025-05-09T15:21:55","slug":"22302-2","status":"publish","type":"page","link":"https:\/\/vantage-dc.com\/fr\/declaration-sur-lesclavage-moderne","title":{"rendered":"D\u00e9claration sur l\u2019esclavage moderne"},"content":{"rendered":"<h2>D\u00e9claration sur l&rsquo;esclavage moderne<\/h2>\n<p>La pr\u00e9sente d\u00e9claration est faite conform\u00e9ment \u00e0 l&rsquo;article 54 de la loi de 2015 sur l&rsquo;esclavage moderne et couvre l&rsquo;exercice financier jusqu&rsquo;au 31 d\u00e9cembre 2023 et concerne VDC UK Management Company Limited, qui font partie du groupe de soci\u00e9t\u00e9s constituant Vantage Data Centers et la fa\u00e7on dont nous soutenons et promouvons l&rsquo;\u00e9limination de la traite des \u00eatres humains et de l&rsquo;esclavage moderne dans l&rsquo;ensemble de nos activit\u00e9s et de nos cha\u00eenes d&rsquo;approvisionnement. Cette d\u00e9claration pr\u00e9sente notre engagement \u00e0 pr\u00e9venir l&rsquo;esclavage et la traite des \u00eatres humains dans le cadre de nos activit\u00e9s commerciales et les mesures que nous prenons pour respecter cet engagement.<\/p>\n<h2>Structure organisationnelle et cha\u00eene d&rsquo;approvisionnement<\/h2>\n<p>Vantage Data Centers est un fournisseur mondial de campus de centres de donn\u00e9es en gros. L\u2019entreprise assure l\u2019alimentation, le refroidissement, la protection et la connectivit\u00e9 des infrastructures technologiques des principaux fournisseurs infonuagiques, des g\u00e9ants du num\u00e9rique et des grandes entreprises. Vantage collabore avec ses employ\u00e9(e)s, ses fournisseurs et ses prestataires de services pour soutenir l\u2019acquisition, la construction et l\u2019exploitation de centres de donn\u00e9es \u00e0 l\u2019\u00e9chelle mondiale.<\/p>\n<h2>D\u00e9claration de politique g\u00e9n\u00e9rale<\/h2>\n<p>Vantage interdit strictement le travail ill\u00e9gal des enfants, le travail en prison ou forc\u00e9, la traite des \u00eatres humains et les ch\u00e2timents corporels, conform\u00e9ment au code de conduite de Vantage, au code de conduite des fournisseurs de Vantage et \u00e0 nos valeurs fondamentales de transparence et de responsabilit\u00e9.<\/p>\n<p>Il est interdit aux employ\u00e9s, fournisseurs, entrepreneurs, sous-traitants et autres personnes avec lesquelles Vantage fait des affaires de participer \u00e0 toute pratique constituant un trafic d&rsquo;\u00eatres humains ou un esclavage. Cela inclut, sans s&rsquo;y limiter:<\/p>\n<ol>\n<li>Participer ou se rendre sciemment complice de toute forme de traite des personnes<\/li>\n<li>Procurer des actes sexuels \u00e0 des fins commerciales pendant les heures de travail, lors de voyages d&rsquo;affaires, lors de la participation \u00e0 des r\u00e9unions de travail hors site ou dans toute situation dans laquelle les actes peuvent \u00eatre directement associ\u00e9s \u00e0 Vantage.<\/li>\n<li>Recourir au travail forc\u00e9 sous quelque forme que ce soit et pour quelque raison que ce soit<\/li>\n<li>D\u00e9truire, dissimuler, confisquer ou refuser de toute autre mani\u00e8re \u00e0 une personne l&rsquo;acc\u00e8s \u00e0 ses documents d&rsquo;identification ou d&rsquo;immigration.<\/li>\n<li>Recourir \u00e0 des pratiques frauduleuses pour recruter des candidats \u00e0 un emploi ou \u00e0 un contrat, par exemple en omettant de divulguer des informations de base sur les conditions importantes du poste, telles que le salaire, les avantages en nature, le lieu de travail, les conditions de vie et de travail, ou tout co\u00fbt important \u00e0 la charge du candidat.<\/li>\n<li>Recourir \u00e0 des recruteurs qui ne respectent pas le droit du travail local du pays dans lequel le recrutement a lieu.<\/li>\n<li>Facturer aux candidats des frais de recrutement<\/li>\n<li>Si la loi ou le contrat l&rsquo;exige, ne pas fournir ou payer le transport de retour \u00e0 la fin de l&#8217;emploi<\/li>\n<li>Si la loi ou le contrat l&rsquo;exige, ne pas fournir ou organiser un logement conforme aux normes de logement et de s\u00e9curit\u00e9 du pays d&rsquo;accueil<\/li>\n<li>Si la loi ou le contrat l&rsquo;exige, ne pas fournir par \u00e9crit un contrat de travail, un accord de recrutement ou tout autre document requis.<\/li>\n<li>Si la loi ou le contrat l&rsquo;exige, ne pas fournir la r\u00e9mun\u00e9ration et le bien-\u00eatre l\u00e9galement requis et\/ou convenus d&rsquo;un commun accord.<\/li>\n<li>Fournir un logement et\/ou un emploi \u00e0 des personnes non autoris\u00e9es \u00e0 entrer dans la juridiction.<\/li>\n<\/ol>\n<h2>Mise en \u0153uvre de la politique<\/h2>\n<h2>\u00c9valuation des risques<\/h2>\n<p>Les risques d&rsquo;esclavage moderne et de traite des \u00eatres humains de chaque engagement de tierce partie sont r\u00e9guli\u00e8rement \u00e9valu\u00e9s dans le cadre de notre programme de gestion des risques des tierces parties (TPRM) et des mesures d&rsquo;att\u00e9nuation sont mises en place au cas par cas. P\u00e9riodiquement, Vantage proc\u00e8de \u00e0 des \u00e9valuations des risques afin d&rsquo;identifier les domaines dans lesquels notre entreprise et notre cha\u00eene d&rsquo;approvisionnement peuvent \u00eatre vuln\u00e9rables \u00e0 la traite des \u00eatres humains et \u00e0 l&rsquo;esclavage.<\/p>\n<p><strong>Nos r\u00e9sultats: <\/strong>7 % des nouveaux fournisseurs \u00e9valu\u00e9s dans le cadre de notre programme TPRM ont \u00e9t\u00e9 identifi\u00e9s comme op\u00e9rant dans un secteur \u00e0 haut risque d&rsquo;esclavage moderne et des mesures d&rsquo;att\u00e9nuation appropri\u00e9es ont \u00e9t\u00e9 mises en \u0153uvre.<\/p>\n<p>Dans le cadre de l&rsquo;\u00e9valuation des risques de notre programme TPRM, nous avons rejet\u00e9 une tierce partie, avant l&rsquo;engagement, en 2024. Aucun autre probl\u00e8me n&rsquo;a \u00e9t\u00e9 identifi\u00e9 en ce qui concerne le travail forc\u00e9, la traite des \u00eatres humains ou l&rsquo;esclavage moderne dans le cadre de nos engagements avec les fournisseurs.<\/p>\n<p>Diligence raisonnable des fournisseurs et passation de march\u00e9s<\/p>\n<p>Tous les fournisseurs sont tenus d&rsquo;adh\u00e9rer au code de conduite des fournisseurs de Vantage, qui interdit toute pratique susceptible de constituer un trafic d&rsquo;\u00eatres humains ou un esclavage. Avant d&rsquo;engager un fournisseur, un contr\u00f4le pr\u00e9alable est effectu\u00e9 afin d&rsquo;identifier et de traiter les risques li\u00e9s \u00e0 la traite des \u00eatres humains et \u00e0 l&rsquo;esclavage pour tous les fournisseurs \u00e0 haut risque.<\/p>\n<p>Formation des employ\u00e9s<\/p>\n<p>Tous les employ\u00e9s sont form\u00e9s aux exigences du code de conduite de Vantage. Les employ\u00e9s responsables de l&rsquo;acquisition de mat\u00e9riaux, de services et de produits re\u00e7oivent une formation suppl\u00e9mentaire pour leur permettre d&rsquo;effectuer des \u00e9valuations de risques, des activit\u00e9s de diligence raisonnable et d&rsquo;identifier les signaux d&rsquo;alerte.<\/p>\n<h2>Rapports<\/h2>\n<p>Les employ\u00e9s et les fournisseurs sont tenus de signaler toute violation ou suspicion de violation de la loi ou du code de conduite, qui interdisent la traite des \u00eatres humains et l&rsquo;esclavage. Ces signalements peuvent \u00eatre effectu\u00e9s aupr\u00e8s du gestionnaire, du gestionnaire de contrat ou du gestionnaire de relations, des ressources humaines, du service de conformit\u00e9 de l&rsquo;entreprise ou de la ligne d&rsquo;assistance t\u00e9l\u00e9phonique de Vantage pour les d\u00e9nonciations.<\/p>\n<h2>Contr\u00f4le et application<\/h2>\n<p>Vantage effectuera des audits et des enqu\u00eates pour v\u00e9rifier le respect de la pr\u00e9sente politique. Tous les employ\u00e9s et les tierces parties sont tenus de coop\u00e9rer pleinement \u00e0 ces audits ou enqu\u00eates. Le refus de participer, de coop\u00e9rer ou toute action visant \u00e0 entraver un audit ou une enqu\u00eate entra\u00eenera la cessation de l&#8217;emploi ou de la relation avec la tierce partie.<\/p>\n<p>Approbation du conseil d&rsquo;administration<\/p>\n<p>Cette d\u00e9claration a \u00e9t\u00e9 approuv\u00e9e par le conseil d&rsquo;administration de VDC UK Management Company Limited le 6 mai 2025.<\/p>\n<p>Sign\u00e9 :<\/p>\n<p>Directeur<\/p>\n<p>Nom: Darren Culbard<\/p>\n","protected":false},"excerpt":{"rendered":"<p>D\u00e9claration sur l&rsquo;esclavage moderne La pr\u00e9sente d\u00e9claration est faite conform\u00e9ment \u00e0 l&rsquo;article 54 de la loi de 2015 sur l&rsquo;esclavage moderne et couvre l&rsquo;exercice financier jusqu&rsquo;au 31 d\u00e9cembre 2023 et concerne VDC UK Management Company Limited, qui font partie du groupe de soci\u00e9t\u00e9s constituant Vantage Data Centers et la fa\u00e7on dont nous soutenons et promouvons [&hellip;]<\/p>\n","protected":false},"author":36,"featured_media":0,"parent":0,"menu_order":0,"comment_status":"closed","ping_status":"closed","template":"","meta":{"_acf_changed":false,"content-type":"","footnotes":""},"class_list":["post-22302","page","type-page","status-publish","hentry"],"acf":[],"_links":{"self":[{"href":"https:\/\/vantage-dc.com\/fr\/wp-json\/wp\/v2\/pages\/22302","targetHints":{"allow":["GET"]}}],"collection":[{"href":"https:\/\/vantage-dc.com\/fr\/wp-json\/wp\/v2\/pages"}],"about":[{"href":"https:\/\/vantage-dc.com\/fr\/wp-json\/wp\/v2\/types\/page"}],"author":[{"embeddable":true,"href":"https:\/\/vantage-dc.com\/fr\/wp-json\/wp\/v2\/users\/36"}],"replies":[{"embeddable":true,"href":"https:\/\/vantage-dc.com\/fr\/wp-json\/wp\/v2\/comments?post=22302"}],"version-history":[{"count":0,"href":"https:\/\/vantage-dc.com\/fr\/wp-json\/wp\/v2\/pages\/22302\/revisions"}],"wp:attachment":[{"href":"https:\/\/vantage-dc.com\/fr\/wp-json\/wp\/v2\/media?parent=22302"}],"curies":[{"name":"wp","href":"https:\/\/api.w.org\/{rel}","templated":true}]}}