{"id":9776,"date":"2021-05-24T02:41:36","date_gmt":"2021-05-24T06:41:36","guid":{"rendered":"https:\/\/vantage-dc.com\/resources\/"},"modified":"2024-07-10T10:03:18","modified_gmt":"2024-07-10T14:03:18","slug":"resources","status":"publish","type":"page","link":"https:\/\/vantage-dc.com\/fr\/resources\/","title":{"rendered":"Ressources"},"content":{"rendered":"\r\n<p>D\u00e9couvrez-en plus sur nos produits, nos services, notre approche et sur le secteur lui-m\u00eame \u00e0 travers une s\u00e9rie de vid\u00e9os, livres blancs, comptes rendus, brochures et autres supports qui donnent mati\u00e8re \u00e0 r\u00e9flexion<\/p>\r\n","protected":false},"excerpt":{"rendered":"<p>D\u00e9couvrez-en plus sur nos produits, nos services, notre approche et sur le secteur lui-m\u00eame \u00e0 travers une s\u00e9rie de vid\u00e9os, livres blancs, comptes rendus, brochures et autres supports qui donnent mati\u00e8re \u00e0 r\u00e9flexion<\/p>\n","protected":false},"author":30,"featured_media":7061,"parent":0,"menu_order":0,"comment_status":"closed","ping_status":"closed","template":"page-resources.php","meta":{"_acf_changed":false,"content-type":"","footnotes":""},"class_list":["post-9776","page","type-page","status-publish","has-post-thumbnail","hentry"],"acf":[],"_links":{"self":[{"href":"https:\/\/vantage-dc.com\/fr\/wp-json\/wp\/v2\/pages\/9776","targetHints":{"allow":["GET"]}}],"collection":[{"href":"https:\/\/vantage-dc.com\/fr\/wp-json\/wp\/v2\/pages"}],"about":[{"href":"https:\/\/vantage-dc.com\/fr\/wp-json\/wp\/v2\/types\/page"}],"author":[{"embeddable":true,"href":"https:\/\/vantage-dc.com\/fr\/wp-json\/wp\/v2\/users\/30"}],"replies":[{"embeddable":true,"href":"https:\/\/vantage-dc.com\/fr\/wp-json\/wp\/v2\/comments?post=9776"}],"version-history":[{"count":0,"href":"https:\/\/vantage-dc.com\/fr\/wp-json\/wp\/v2\/pages\/9776\/revisions"}],"wp:featuredmedia":[{"embeddable":true,"href":"https:\/\/vantage-dc.com\/fr\/wp-json\/wp\/v2\/media\/7061"}],"wp:attachment":[{"href":"https:\/\/vantage-dc.com\/fr\/wp-json\/wp\/v2\/media?parent=9776"}],"curies":[{"name":"wp","href":"https:\/\/api.w.org\/{rel}","templated":true}]}}