{"id":9940,"date":"2020-04-17T12:13:13","date_gmt":"2020-04-17T12:13:13","guid":{"rendered":"https:\/\/vantage-dc.com\/power\/"},"modified":"2025-06-05T15:31:24","modified_gmt":"2025-06-05T19:31:24","slug":"power","status":"publish","type":"page","link":"https:\/\/vantage-dc.com\/fr\/features\/power\/","title":{"rendered":"\u00c9nergie"},"content":{"rendered":"\r\n<p>Gr\u00e2ce \u00e0 une capacit\u00e9 informatique totale avoisinant 1.5GW+ de puissance en Am\u00e9rique du Nord, en Europe, au Moyen-Orient, en Afrique et en Asie-Pacifique, Vantage est dispos\u00e9e \u00e0 r\u00e9pondre \u00e0 vos demandes les plus exigeantes en mati\u00e8re d\u2019applications et d\u2019informatique. Vantage utilise un mod\u00e8le reproductible de croissance, d\u2019exploitation et de maintenance afin de fournir des performances fiables, efficaces et durables. Nos choix technologiques en mati\u00e8re de construction signifie que vous pourrez vous appuyer sur des experts internes certifi\u00e9s pour la conception, l\u2019entretien et la r\u00e9paration de l&rsquo;infrastructure. Nous nous effor\u00e7ons de respecter l\u2019intendance environnementale et tirons parti des sources d&rsquo;\u00e9nergie verte dans la mesure du possible.<\/p>\r\n","protected":false},"excerpt":{"rendered":"<p>Gr\u00e2ce \u00e0 une capacit\u00e9 informatique totale avoisinant 1.5GW+ de puissance en Am\u00e9rique du Nord, en Europe, au Moyen-Orient, en Afrique et en Asie-Pacifique, Vantage est dispos\u00e9e \u00e0 r\u00e9pondre \u00e0 vos demandes les plus exigeantes en mati\u00e8re d\u2019applications et d\u2019informatique. Vantage utilise un mod\u00e8le reproductible de croissance, d\u2019exploitation et de maintenance afin de fournir des performances [&hellip;]<\/p>\n","protected":false},"author":30,"featured_media":7090,"parent":9942,"menu_order":1,"comment_status":"closed","ping_status":"closed","template":"page-features-sub.php","meta":{"_acf_changed":false,"content-type":"","footnotes":""},"class_list":["post-9940","page","type-page","status-publish","has-post-thumbnail","hentry"],"acf":[],"_links":{"self":[{"href":"https:\/\/vantage-dc.com\/fr\/wp-json\/wp\/v2\/pages\/9940","targetHints":{"allow":["GET"]}}],"collection":[{"href":"https:\/\/vantage-dc.com\/fr\/wp-json\/wp\/v2\/pages"}],"about":[{"href":"https:\/\/vantage-dc.com\/fr\/wp-json\/wp\/v2\/types\/page"}],"author":[{"embeddable":true,"href":"https:\/\/vantage-dc.com\/fr\/wp-json\/wp\/v2\/users\/30"}],"replies":[{"embeddable":true,"href":"https:\/\/vantage-dc.com\/fr\/wp-json\/wp\/v2\/comments?post=9940"}],"version-history":[{"count":0,"href":"https:\/\/vantage-dc.com\/fr\/wp-json\/wp\/v2\/pages\/9940\/revisions"}],"up":[{"embeddable":true,"href":"https:\/\/vantage-dc.com\/fr\/wp-json\/wp\/v2\/pages\/9942"}],"wp:featuredmedia":[{"embeddable":true,"href":"https:\/\/vantage-dc.com\/fr\/wp-json\/wp\/v2\/media\/7090"}],"wp:attachment":[{"href":"https:\/\/vantage-dc.com\/fr\/wp-json\/wp\/v2\/media?parent=9940"}],"curies":[{"name":"wp","href":"https:\/\/api.w.org\/{rel}","templated":true}]}}