{"id":9945,"date":"2020-04-17T12:11:50","date_gmt":"2020-04-17T12:11:50","guid":{"rendered":"https:\/\/vantage-dc.com\/features\/cooling\/"},"modified":"2025-06-05T15:32:52","modified_gmt":"2025-06-05T19:32:52","slug":"cooling","status":"publish","type":"page","link":"https:\/\/vantage-dc.com\/fr\/features\/cooling\/","title":{"rendered":"Refroidissement"},"content":{"rendered":"<section class=\"text-center inner-pg-description\">\n<div class=\"container\">\n<p>Nos datacenters sont con\u00e7us pour refroidir votre technologie critique de mani\u00e8re efficace et \u00e9conomique. Notre syst\u00e8me de refroidissement par l\u2019air en boucle ferm\u00e9e, climatiquement neutre et respectueux de l\u2019environnement, optimise le rejet de la chaleur car il r\u00e9duit l\u2019utilisation d\u2019eau et la pollution.<\/p>\n<\/div>\n<\/section>\n","protected":false},"excerpt":{"rendered":"<p>Nos datacenters sont con\u00e7us pour refroidir votre technologie critique de mani\u00e8re efficace et \u00e9conomique. Notre syst\u00e8me de refroidissement par l\u2019air en boucle ferm\u00e9e, climatiquement neutre et respectueux de l\u2019environnement, optimise le rejet de la chaleur car il r\u00e9duit l\u2019utilisation d\u2019eau et la pollution.<\/p>\n","protected":false},"author":30,"featured_media":7084,"parent":9942,"menu_order":2,"comment_status":"closed","ping_status":"closed","template":"page-features-sub.php","meta":{"_acf_changed":false,"content-type":"","footnotes":""},"class_list":["post-9945","page","type-page","status-publish","has-post-thumbnail","hentry"],"acf":[],"_links":{"self":[{"href":"https:\/\/vantage-dc.com\/fr\/wp-json\/wp\/v2\/pages\/9945","targetHints":{"allow":["GET"]}}],"collection":[{"href":"https:\/\/vantage-dc.com\/fr\/wp-json\/wp\/v2\/pages"}],"about":[{"href":"https:\/\/vantage-dc.com\/fr\/wp-json\/wp\/v2\/types\/page"}],"author":[{"embeddable":true,"href":"https:\/\/vantage-dc.com\/fr\/wp-json\/wp\/v2\/users\/30"}],"replies":[{"embeddable":true,"href":"https:\/\/vantage-dc.com\/fr\/wp-json\/wp\/v2\/comments?post=9945"}],"version-history":[{"count":0,"href":"https:\/\/vantage-dc.com\/fr\/wp-json\/wp\/v2\/pages\/9945\/revisions"}],"up":[{"embeddable":true,"href":"https:\/\/vantage-dc.com\/fr\/wp-json\/wp\/v2\/pages\/9942"}],"wp:featuredmedia":[{"embeddable":true,"href":"https:\/\/vantage-dc.com\/fr\/wp-json\/wp\/v2\/media\/7084"}],"wp:attachment":[{"href":"https:\/\/vantage-dc.com\/fr\/wp-json\/wp\/v2\/media?parent=9945"}],"curies":[{"name":"wp","href":"https:\/\/api.w.org\/{rel}","templated":true}]}}