{"id":9956,"date":"2020-04-17T12:14:12","date_gmt":"2020-04-17T12:14:12","guid":{"rendered":"https:\/\/vantage-dc.com\/features\/security-and-compliance-2\/"},"modified":"2025-06-05T15:34:11","modified_gmt":"2025-06-05T19:34:11","slug":"security-and-compliance","status":"publish","type":"page","link":"https:\/\/vantage-dc.com\/fr\/features\/security-and-compliance","title":{"rendered":"S\u00e9curit\u00e9 et Confromit\u00e9"},"content":{"rendered":"<p>La s\u00e9curit\u00e9 physique sur chaque campus Vantage Data Centers est manifeste d\u00e8s votre arriv\u00e9e. Ce que vous ne pouvez pas toujours voir de l\u2019ext\u00e9rieur est le respect strict des mesures de s\u00e9curit\u00e9 et de conformit\u00e9 du secteur. Ce respect contribue \u00e0 votre s\u00e9curit\u00e9, \u00e0 celle de vos biens informatiques et de votre entreprise.<\/p>\n","protected":false},"excerpt":{"rendered":"<p>La s\u00e9curit\u00e9 physique sur chaque campus Vantage Data Centers est manifeste d\u00e8s votre arriv\u00e9e. Ce que vous ne pouvez pas toujours voir de l\u2019ext\u00e9rieur est le respect strict des mesures de s\u00e9curit\u00e9 et de conformit\u00e9 du secteur. Ce respect contribue \u00e0 votre s\u00e9curit\u00e9, \u00e0 celle de vos biens informatiques et de votre entreprise.<\/p>\n","protected":false},"author":30,"featured_media":7093,"parent":9942,"menu_order":3,"comment_status":"closed","ping_status":"closed","template":"page-features-sub.php","meta":{"_acf_changed":false,"content-type":"","footnotes":""},"class_list":["post-9956","page","type-page","status-publish","has-post-thumbnail","hentry"],"acf":[],"_links":{"self":[{"href":"https:\/\/vantage-dc.com\/fr\/wp-json\/wp\/v2\/pages\/9956","targetHints":{"allow":["GET"]}}],"collection":[{"href":"https:\/\/vantage-dc.com\/fr\/wp-json\/wp\/v2\/pages"}],"about":[{"href":"https:\/\/vantage-dc.com\/fr\/wp-json\/wp\/v2\/types\/page"}],"author":[{"embeddable":true,"href":"https:\/\/vantage-dc.com\/fr\/wp-json\/wp\/v2\/users\/30"}],"replies":[{"embeddable":true,"href":"https:\/\/vantage-dc.com\/fr\/wp-json\/wp\/v2\/comments?post=9956"}],"version-history":[{"count":0,"href":"https:\/\/vantage-dc.com\/fr\/wp-json\/wp\/v2\/pages\/9956\/revisions"}],"up":[{"embeddable":true,"href":"https:\/\/vantage-dc.com\/fr\/wp-json\/wp\/v2\/pages\/9942"}],"wp:featuredmedia":[{"embeddable":true,"href":"https:\/\/vantage-dc.com\/fr\/wp-json\/wp\/v2\/media\/7093"}],"wp:attachment":[{"href":"https:\/\/vantage-dc.com\/fr\/wp-json\/wp\/v2\/media?parent=9956"}],"curies":[{"name":"wp","href":"https:\/\/api.w.org\/{rel}","templated":true}]}}