{"id":9964,"date":"2020-04-25T09:07:55","date_gmt":"2020-04-25T09:07:55","guid":{"rendered":"https:\/\/vantage-dc.com\/features\/connectivity\/"},"modified":"2025-06-05T15:35:03","modified_gmt":"2025-06-05T19:35:03","slug":"connectivity","status":"publish","type":"page","link":"https:\/\/vantage-dc.com\/fr\/features\/connectivity\/","title":{"rendered":"Connectivit\u00e9"},"content":{"rendered":"\r\n<p>Toutes nos actions visent \u00e0 procurer \u00e0 nos clients un maximum de libert\u00e9. Nos chargeurs autonomes sont con\u00e7us pour \u00eatre facilement configur\u00e9s. Nos redondances en mati\u00e8re d\u2019alimentation et de refroidissement vous permettent de vous concentrer sur votre entreprise en toute confiance. Et lorsqu\u2019il s\u2019agit de connectivit\u00e9, nous continuons de vous apporter le nec plus ultra en mati\u00e8re de choix et de fiabilit\u00e9, vous permettant ainsi de g\u00e9rer votre r\u00e9seau comme bon vous semble. En facilitant la mise en place de services de fibre noires et actives, nous restons ouverts, agnostiques et neutres vis-\u00e0-vis des op\u00e9rateurs. Si vous souhaitez faire appel \u00e0 un op\u00e9rateur qui n\u2019est pas r\u00e9pertori\u00e9 sur notre site, nous nous sommes pr\u00eats \u00e0 l\u2019inviter.<\/p>\r\n","protected":false},"excerpt":{"rendered":"<p>Toutes nos actions visent \u00e0 procurer \u00e0 nos clients un maximum de libert\u00e9. Nos chargeurs autonomes sont con\u00e7us pour \u00eatre facilement configur\u00e9s. Nos redondances en mati\u00e8re d\u2019alimentation et de refroidissement vous permettent de vous concentrer sur votre entreprise en toute confiance. Et lorsqu\u2019il s\u2019agit de connectivit\u00e9, nous continuons de vous apporter le nec plus ultra [&hellip;]<\/p>\n","protected":false},"author":30,"featured_media":7081,"parent":9942,"menu_order":4,"comment_status":"closed","ping_status":"closed","template":"page-features-sub.php","meta":{"_acf_changed":false,"content-type":"","footnotes":""},"class_list":["post-9964","page","type-page","status-publish","has-post-thumbnail","hentry"],"acf":[],"_links":{"self":[{"href":"https:\/\/vantage-dc.com\/fr\/wp-json\/wp\/v2\/pages\/9964","targetHints":{"allow":["GET"]}}],"collection":[{"href":"https:\/\/vantage-dc.com\/fr\/wp-json\/wp\/v2\/pages"}],"about":[{"href":"https:\/\/vantage-dc.com\/fr\/wp-json\/wp\/v2\/types\/page"}],"author":[{"embeddable":true,"href":"https:\/\/vantage-dc.com\/fr\/wp-json\/wp\/v2\/users\/30"}],"replies":[{"embeddable":true,"href":"https:\/\/vantage-dc.com\/fr\/wp-json\/wp\/v2\/comments?post=9964"}],"version-history":[{"count":0,"href":"https:\/\/vantage-dc.com\/fr\/wp-json\/wp\/v2\/pages\/9964\/revisions"}],"up":[{"embeddable":true,"href":"https:\/\/vantage-dc.com\/fr\/wp-json\/wp\/v2\/pages\/9942"}],"wp:featuredmedia":[{"embeddable":true,"href":"https:\/\/vantage-dc.com\/fr\/wp-json\/wp\/v2\/media\/7081"}],"wp:attachment":[{"href":"https:\/\/vantage-dc.com\/fr\/wp-json\/wp\/v2\/media?parent=9964"}],"curies":[{"name":"wp","href":"https:\/\/api.w.org\/{rel}","templated":true}]}}