{"id":9991,"date":"2020-04-22T13:23:42","date_gmt":"2020-04-22T13:23:42","guid":{"rendered":"https:\/\/vantage-dc.com\/company\/"},"modified":"2025-05-12T14:59:36","modified_gmt":"2025-05-12T18:59:36","slug":"company","status":"publish","type":"page","link":"https:\/\/vantage-dc.com\/fr\/company\/","title":{"rendered":"Entreprise"},"content":{"rendered":"\r\n<div class=\"wp-block-group\">\r\n<div class=\"wp-block-group__inner-container is-layout-flow wp-block-group-is-layout-flow\">\r\n<div class=\"wp-block-group\">\r\n<div class=\"wp-block-group__inner-container is-layout-flow wp-block-group-is-layout-flow\">\r\n<p>Les b\u00e2timents ne sont que le d\u00e9but. Faire les choix structurels et technologiques qui les accompagnent, ainsi que les collaborateurs qui les exploitent, sont les composantes fondamentales.\u00a0<br \/><br \/>Vantage Data Centers a adopt\u00e9 un mod\u00e8le tourn\u00e9 vers l\u2019avenir cr\u00e9\u00e9 tout sp\u00e9cialement pour la r\u00e9volution technologique qui est en marche. La loi de Moore \u00e9tant en passe de tomber en d\u00e9su\u00e9tude face \u00e0 l\u2019IA, au calcul haute densit\u00e9 et le machine learning, nous avons analys\u00e9 tout ce que nous faisons bien depuis dix ans et nous sommes mis en t\u00eate de le d\u00e9velopper, de le standardiser et de le r\u00e9pliquer de mani\u00e8re \u00e0 \u00eatre pr\u00eats \u00e0 accompagner votre croissance.<br \/><br \/>Que vous souhaitiez r\u00e9duire vos d\u00e9penses en capital ou d&rsquo;\u00e9toffer vos services tout en les rationalisant, nous sommes pr\u00eats. Quel que soit votre planning, nous saurons vous proposer des solutions concr\u00e8tes et adapt\u00e9es. Nous savons que la transparence et la pr\u00e9visibilit\u00e9 sont indispensables pour vos activit\u00e9s, nous vous apporterons la technologie et les proc\u00e9dures qui vous permettront de dormir sur vos deux oreilles.<\/p>\r\n<\/div>\r\n<\/div>\r\n<\/div>\r\n<\/div>\r\n","protected":false},"excerpt":{"rendered":"<p>Les b\u00e2timents ne sont que le d\u00e9but. Faire les choix structurels et technologiques qui les accompagnent, ainsi que les collaborateurs qui les exploitent, sont les composantes fondamentales.\u00a0 Vantage Data Centers a adopt\u00e9 un mod\u00e8le tourn\u00e9 vers l\u2019avenir cr\u00e9\u00e9 tout sp\u00e9cialement pour la r\u00e9volution technologique qui est en marche. La loi de Moore \u00e9tant en passe [&hellip;]<\/p>\n","protected":false},"author":30,"featured_media":15506,"parent":0,"menu_order":0,"comment_status":"closed","ping_status":"closed","template":"page-company.php","meta":{"_acf_changed":false,"content-type":"","footnotes":""},"class_list":["post-9991","page","type-page","status-publish","has-post-thumbnail","hentry"],"acf":[],"_links":{"self":[{"href":"https:\/\/vantage-dc.com\/fr\/wp-json\/wp\/v2\/pages\/9991","targetHints":{"allow":["GET"]}}],"collection":[{"href":"https:\/\/vantage-dc.com\/fr\/wp-json\/wp\/v2\/pages"}],"about":[{"href":"https:\/\/vantage-dc.com\/fr\/wp-json\/wp\/v2\/types\/page"}],"author":[{"embeddable":true,"href":"https:\/\/vantage-dc.com\/fr\/wp-json\/wp\/v2\/users\/30"}],"replies":[{"embeddable":true,"href":"https:\/\/vantage-dc.com\/fr\/wp-json\/wp\/v2\/comments?post=9991"}],"version-history":[{"count":0,"href":"https:\/\/vantage-dc.com\/fr\/wp-json\/wp\/v2\/pages\/9991\/revisions"}],"wp:featuredmedia":[{"embeddable":true,"href":"https:\/\/vantage-dc.com\/fr\/wp-json\/wp\/v2\/media\/15506"}],"wp:attachment":[{"href":"https:\/\/vantage-dc.com\/fr\/wp-json\/wp\/v2\/media?parent=9991"}],"curies":[{"name":"wp","href":"https:\/\/api.w.org\/{rel}","templated":true}]}}